{"id":4726,"date":"2025-10-24T13:56:29","date_gmt":"2025-10-24T11:56:29","guid":{"rendered":"https:\/\/nasnowboard.pl\/?page_id=4726"},"modified":"2025-11-03T18:06:40","modified_gmt":"2025-11-03T17:06:40","slug":"nasnowboard","status":"publish","type":"page","link":"https:\/\/nasnowboard.pl\/","title":{"rendered":"NaSnowboard"},"content":{"rendered":"\t\t<div data-elementor-type=\"wp-post\" data-elementor-id=\"4726\" class=\"elementor elementor-4726\">\n\t\t\t\t\t\t<section class=\"elementor-section elementor-top-section elementor-element elementor-element-b151c72 elementor-section-height-min-height elementor-section-content-middle elementor-section-boxed elementor-section-height-default elementor-section-items-middle\" data-id=\"b151c72\" data-element_type=\"section\" data-settings=\"{&quot;background_background&quot;:&quot;classic&quot;}\">\n\t\t\t\t\t\t<div class=\"elementor-container elementor-column-gap-no\">\n\t\t\t\t\t<div class=\"elementor-column elementor-col-100 elementor-top-column elementor-element elementor-element-4db6f86\" data-id=\"4db6f86\" data-element_type=\"column\">\n\t\t\t<div class=\"elementor-widget-wrap elementor-element-populated\">\n\t\t\t\t\t\t<section class=\"elementor-section elementor-inner-section elementor-element elementor-element-ee62a85 elementor-section-boxed elementor-section-height-default elementor-section-height-default\" data-id=\"ee62a85\" data-element_type=\"section\">\n\t\t\t\t\t\t<div class=\"elementor-container elementor-column-gap-default\">\n\t\t\t\t\t<div class=\"elementor-column elementor-col-50 elementor-inner-column elementor-element elementor-element-319145e\" data-id=\"319145e\" data-element_type=\"column\">\n\t\t\t<div class=\"elementor-widget-wrap elementor-element-populated\">\n\t\t\t\t\t\t<div class=\"elementor-element elementor-element-cf8423b elementor-widget__width-initial elementor-widget-mobile__width-initial elementor-widget elementor-widget-text-editor\" data-id=\"cf8423b\" data-element_type=\"widget\" data-widget_type=\"text-editor.default\">\n\t\t\t\t\t\t\t\t\t<h3>Od pierwszego \u015blizgu <br>po mistrzostwo <br>\u2013 z nami to mo\u017cliwe! <br>Ucz si\u0119 od najlepszych!<br><\/h3>\t\t\t\t\t\t\t\t<\/div>\n\t\t\t\t\t<\/div>\n\t\t<\/div>\n\t\t\t\t<nav class=\"elementor-column elementor-col-50 elementor-inner-column elementor-element elementor-element-a84b2b4\" data-id=\"a84b2b4\" data-element_type=\"column\" data-settings=\"{&quot;background_background&quot;:&quot;classic&quot;}\">\n\t\t\t<div class=\"elementor-widget-wrap elementor-element-populated\">\n\t\t\t\t\t\t<div class=\"elementor-element elementor-element-dd0619b elementor-widget__width-inherit elementor-widget elementor-widget-image\" data-id=\"dd0619b\" data-element_type=\"widget\" data-settings=\"{&quot;_animation&quot;:&quot;none&quot;}\" data-widget_type=\"image.default\">\n\t\t\t\t\t\t\t\t\t\t\t\t\t\t\t\t<a href=\"#oferta\" target=\"_blank\">\n\t\t\t\t\t\t\t<img fetchpriority=\"high\" decoding=\"async\" width=\"500\" height=\"300\" src=\"https:\/\/nasnowboard.pl\/wp-content\/uploads\/2025\/10\/Baner-500x300-_02.jpg\" class=\"attachment-large size-large wp-image-4800\" alt=\"\" srcset=\"https:\/\/nasnowboard.pl\/wp-content\/uploads\/2025\/10\/Baner-500x300-_02.jpg 500w, https:\/\/nasnowboard.pl\/wp-content\/uploads\/2025\/10\/Baner-500x300-_02-300x180.jpg 300w\" sizes=\"(max-width: 500px) 100vw, 500px\" \/>\t\t\t\t\t\t\t\t<\/a>\n\t\t\t\t\t\t\t\t\t\t\t\t\t\t\t<\/div>\n\t\t\t\t\t<\/div>\n\t\t<\/nav>\n\t\t\t\t\t<\/div>\n\t\t<\/section>\n\t\t\t\t\t<\/div>\n\t\t<\/div>\n\t\t\t\t\t<\/div>\n\t\t<\/section>\n\t\t\t\t<section class=\"elementor-section elementor-top-section elementor-element elementor-element-c2134ad elementor-section-boxed elementor-section-height-default elementor-section-height-default\" data-id=\"c2134ad\" data-element_type=\"section\" data-settings=\"{&quot;background_background&quot;:&quot;classic&quot;}\">\n\t\t\t\t\t\t<div class=\"elementor-container elementor-column-gap-default\">\n\t\t\t\t\t<div class=\"elementor-column elementor-col-100 elementor-top-column elementor-element elementor-element-a0d4eb2\" data-id=\"a0d4eb2\" data-element_type=\"column\">\n\t\t\t<div class=\"elementor-widget-wrap elementor-element-populated\">\n\t\t\t\t\t\t<div class=\"elementor-element elementor-element-386ac57 elementor-widget elementor-widget-text-editor\" data-id=\"386ac57\" data-element_type=\"widget\" data-widget_type=\"text-editor.default\">\n\t\t\t\t\t\t\t\t\t<p style=\"text-align: center;\">Witaj w <strong>Centrum Szkolenia Snowboardowego<\/strong> <br \/>\u2013 miejscu, gdzie technika spotyka do\u015bwiadczenie, a pasja przekracza granice. <br \/><strong>Od 1996 roku szkolimy na wszystkich poziomach zaawansowania, oferuj\u0105c najwy\u017cszy standard nauczania.<\/strong> <br \/>Nasza kadra to elita instruktor\u00f3w, kt\u00f3rzy zdobywali wiedz\u0119 na stokach ca\u0142ego \u015bwiata i tworzyli autorskie programy oraz publikacje.<\/p><p style=\"text-align: center;\"><strong>Je\u015bli szukasz czego\u015b wi\u0119cej ni\u017c zwyk\u0142ej szko\u0142y \u2013 jeste\u015b we w\u0142a\u015bciwym miejscu.<\/strong><\/p>\t\t\t\t\t\t\t\t<\/div>\n\t\t\t\t\t<\/div>\n\t\t<\/div>\n\t\t\t\t\t<\/div>\n\t\t<\/section>\n\t\t<div class=\"elementor-element elementor-element-417ed55 e-flex e-con-boxed e-con e-parent\" data-id=\"417ed55\" data-element_type=\"container\">\n\t\t\t\t\t<div class=\"e-con-inner\">\n\t\t\t\t<div class=\"elementor-element elementor-element-63e5714 elementor-arrows-position-inside elementor-pagination-position-outside elementor-widget elementor-widget-image-carousel\" data-id=\"63e5714\" data-element_type=\"widget\" data-settings=\"{&quot;slides_to_show&quot;:&quot;4&quot;,&quot;navigation&quot;:&quot;both&quot;,&quot;autoplay&quot;:&quot;yes&quot;,&quot;pause_on_hover&quot;:&quot;yes&quot;,&quot;pause_on_interaction&quot;:&quot;yes&quot;,&quot;autoplay_speed&quot;:5000,&quot;infinite&quot;:&quot;yes&quot;,&quot;speed&quot;:500}\" data-widget_type=\"image-carousel.default\">\n\t\t\t\t\t\t\t<div class=\"elementor-image-carousel-wrapper swiper\" role=\"region\" aria-roledescription=\"carousel\" aria-label=\"Karuzela obrazk\u00f3w\" dir=\"ltr\">\n\t\t\t<div class=\"elementor-image-carousel swiper-wrapper\" aria-live=\"off\">\n\t\t\t\t\t\t\t\t<div class=\"swiper-slide\" role=\"group\" aria-roledescription=\"slide\" aria-label=\"1 z 7\"><figure class=\"swiper-slide-inner\"><img decoding=\"async\" class=\"swiper-slide-image\" src=\"https:\/\/nasnowboard.pl\/wp-content\/uploads\/2025\/11\/468324227_10161970483113276_6336029238773834183_n-930x620.jpg\" alt=\"468324227_10161970483113276_6336029238773834183_n\" \/><\/figure><\/div><div class=\"swiper-slide\" role=\"group\" aria-roledescription=\"slide\" aria-label=\"2 z 7\"><figure class=\"swiper-slide-inner\"><img decoding=\"async\" class=\"swiper-slide-image\" src=\"https:\/\/nasnowboard.pl\/wp-content\/uploads\/2025\/10\/Zdjecie-WhatsApp-2024-01-11-o-21.18.26_96b9e121_03-930x620.jpg\" alt=\"Zdj\u0119cie WhatsApp 2024-01-11 o 21.18.26_96b9e121_03\" \/><\/figure><\/div><div class=\"swiper-slide\" role=\"group\" aria-roledescription=\"slide\" aria-label=\"3 z 7\"><figure class=\"swiper-slide-inner\"><img decoding=\"async\" class=\"swiper-slide-image\" src=\"https:\/\/nasnowboard.pl\/wp-content\/uploads\/2025\/11\/31357898_10156381982453276_829650929828495360_n-930x620.jpg\" alt=\"31357898_10156381982453276_829650929828495360_n\" \/><\/figure><\/div><div class=\"swiper-slide\" role=\"group\" aria-roledescription=\"slide\" aria-label=\"4 z 7\"><figure class=\"swiper-slide-inner\"><img decoding=\"async\" class=\"swiper-slide-image\" src=\"https:\/\/nasnowboard.pl\/wp-content\/uploads\/2025\/11\/471372631_10162210914198276_1036289370359595952_n-930x620.jpg\" alt=\"471372631_10162210914198276_1036289370359595952_n\" \/><\/figure><\/div><div class=\"swiper-slide\" role=\"group\" aria-roledescription=\"slide\" aria-label=\"5 z 7\"><figure class=\"swiper-slide-inner\"><img decoding=\"async\" class=\"swiper-slide-image\" src=\"https:\/\/nasnowboard.pl\/wp-content\/uploads\/2025\/11\/481098307_1110840061054776_8330268246274565874_n-930x620.jpg\" alt=\"481098307_1110840061054776_8330268246274565874_n\" \/><\/figure><\/div><div class=\"swiper-slide\" role=\"group\" aria-roledescription=\"slide\" aria-label=\"6 z 7\"><figure class=\"swiper-slide-inner\"><img decoding=\"async\" class=\"swiper-slide-image\" src=\"https:\/\/nasnowboard.pl\/wp-content\/uploads\/2025\/11\/481238344_1110840334388082_249580123318820699_n-930x620.jpg\" alt=\"481238344_1110840334388082_249580123318820699_n\" \/><\/figure><\/div><div class=\"swiper-slide\" role=\"group\" aria-roledescription=\"slide\" aria-label=\"7 z 7\"><figure class=\"swiper-slide-inner\"><img decoding=\"async\" class=\"swiper-slide-image\" src=\"https:\/\/nasnowboard.pl\/wp-content\/uploads\/2025\/11\/481569570_1110840287721420_7350909041111329637_n-930x620.jpg\" alt=\"481569570_1110840287721420_7350909041111329637_n\" \/><\/figure><\/div>\t\t\t<\/div>\n\t\t\t\t\t\t\t\t\t\t\t\t<div class=\"elementor-swiper-button elementor-swiper-button-prev\" role=\"button\" tabindex=\"0\">\n\t\t\t\t\t\t<svg aria-hidden=\"true\" class=\"e-font-icon-svg e-eicon-chevron-left\" viewBox=\"0 0 1000 1000\" xmlns=\"http:\/\/www.w3.org\/2000\/svg\"><path d=\"M646 125C629 125 613 133 604 142L308 442C296 454 292 471 292 487 292 504 296 521 308 533L604 854C617 867 629 875 646 875 663 875 679 871 692 858 704 846 713 829 713 812 713 796 708 779 692 767L438 487 692 225C700 217 708 204 708 187 708 171 704 154 692 142 675 129 663 125 646 125Z\"><\/path><\/svg>\t\t\t\t\t<\/div>\n\t\t\t\t\t<div class=\"elementor-swiper-button elementor-swiper-button-next\" role=\"button\" tabindex=\"0\">\n\t\t\t\t\t\t<svg aria-hidden=\"true\" class=\"e-font-icon-svg e-eicon-chevron-right\" viewBox=\"0 0 1000 1000\" xmlns=\"http:\/\/www.w3.org\/2000\/svg\"><path d=\"M696 533C708 521 713 504 713 487 713 471 708 454 696 446L400 146C388 133 375 125 354 125 338 125 325 129 313 142 300 154 292 171 292 187 292 204 296 221 308 233L563 492 304 771C292 783 288 800 288 817 288 833 296 850 308 863 321 871 338 875 354 875 371 875 388 867 400 854L696 533Z\"><\/path><\/svg>\t\t\t\t\t<\/div>\n\t\t\t\t\n\t\t\t\t\t\t\t\t\t<div class=\"swiper-pagination\"><\/div>\n\t\t\t\t\t\t\t\t\t<\/div>\n\t\t\t\t\t\t<\/div>\n\t\t\t\t\t<\/div>\n\t\t\t\t<\/div>\n\t\t<div class=\"elementor-element elementor-element-1dcd643 e-flex e-con-boxed e-con e-parent\" data-id=\"1dcd643\" data-element_type=\"container\" id=\"oferta\">\n\t\t\t\t\t<div class=\"e-con-inner\">\n\t\t\t\t<div class=\"elementor-element elementor-element-5c28add elementor-widget elementor-widget-heading\" data-id=\"5c28add\" data-element_type=\"widget\" data-widget_type=\"heading.default\">\n\t\t\t\t\t<h2 class=\"elementor-heading-title elementor-size-default\">OFERTA<\/h2>\t\t\t\t<\/div>\n\t\t\t\t\t<\/div>\n\t\t\t\t<\/div>\n\t\t<div class=\"elementor-element elementor-element-d739910 e-flex e-con-boxed e-con e-parent\" data-id=\"d739910\" data-element_type=\"container\">\n\t\t\t\t\t<div class=\"e-con-inner\">\n\t\t\t\t<div class=\"elementor-element elementor-element-3045ab2 elementor-widget elementor-widget-text-editor\" data-id=\"3045ab2\" data-element_type=\"widget\" data-widget_type=\"text-editor.default\">\n\t\t\t\t\t\t\t\t\t<p><strong>Ju\u017c wkr\u00f3tce!<\/strong> Pe\u0142na oferta wyjazd\u00f3w snowboardowych na sezon 2025\/2026!<br \/>Przygotuj si\u0119 na \u015bwie\u017cy puch, najlepsze o\u015brodki w Alpach i niezapomniane emocje na stoku.<br \/>Sprawdzone miejsc\u00f3wki, ekipa z pasj\u0105 i klimat, kt\u00f3rego nie da si\u0119 opisa\u0107 \u2013 trzeba go prze\u017cy\u0107!<\/p><p><strong>Zosta\u0144 z nami \u2013 szczeg\u00f3\u0142y ju\u017c niebawem!<\/strong><\/p>\t\t\t\t\t\t\t\t<\/div>\n\t\t\t\t\t<\/div>\n\t\t\t\t<\/div>\n\t\t\t\t<section class=\"elementor-section elementor-top-section elementor-element elementor-element-bdc9707 elementor-section-boxed elementor-section-height-default elementor-section-height-default\" data-id=\"bdc9707\" data-element_type=\"section\" data-settings=\"{&quot;background_background&quot;:&quot;classic&quot;}\">\n\t\t\t\t\t\t<div class=\"elementor-container elementor-column-gap-default\">\n\t\t\t\t\t<div class=\"elementor-column elementor-col-100 elementor-top-column elementor-element elementor-element-d1e4c69\" data-id=\"d1e4c69\" data-element_type=\"column\" id=\"kontakt\">\n\t\t\t<div class=\"elementor-widget-wrap elementor-element-populated\">\n\t\t\t\t\t\t<div class=\"elementor-element elementor-element-ca30116 elementor-widget-mobile__width-initial elementor-widget elementor-widget-text-editor\" data-id=\"ca30116\" data-element_type=\"widget\" data-widget_type=\"text-editor.default\">\n\t\t\t\t\t\t\t\t\t<h2 style=\"font-size: 20px; font-weight: 600; font-family: Montserrat, sans-serif; color: #ffffff; letter-spacing: normal; text-transform: none;\" data-elementor-setting-key=\"title\" data-pen-placeholder=\"Pisz tutaj...\">KONTAKT<\/h2><p>tel. 604 615 856<br \/>e-mail: <a href=\"mailto:biuro@signx.pl\">biuro@signx.pl<\/a><\/p><p style=\"text-align: center;\"><strong>OD PIERWSZEGO \u015aLIZGU PO MISTRZOSTWO\u00a0<br \/><\/strong>\u2013 Z NAMI TO MO\u017bLIWE!\u00a0<br \/>UCZ SI\u0118 OD NAJLEPSZYCH!<\/p><p>\u00a9 Copyright 2025<\/p>\t\t\t\t\t\t\t\t<\/div>\n\t\t\t\t<div class=\"elementor-element elementor-element-9e46477 elementor-shape-circle elementor-grid-0 e-grid-align-center elementor-widget elementor-widget-social-icons\" data-id=\"9e46477\" data-element_type=\"widget\" data-widget_type=\"social-icons.default\">\n\t\t\t\t\t\t\t<div class=\"elementor-social-icons-wrapper elementor-grid\">\n\t\t\t\t\t\t\t<span class=\"elementor-grid-item\">\n\t\t\t\t\t<a class=\"elementor-icon elementor-social-icon elementor-social-icon-facebook elementor-repeater-item-cc4b2ae\" href=\"https:\/\/www.facebook.com\/signxsnow\/\" target=\"_blank\">\n\t\t\t\t\t\t<span class=\"elementor-screen-only\">Facebook<\/span>\n\t\t\t\t\t\t<svg aria-hidden=\"true\" class=\"e-font-icon-svg e-fab-facebook\" viewBox=\"0 0 512 512\" xmlns=\"http:\/\/www.w3.org\/2000\/svg\"><path d=\"M504 256C504 119 393 8 256 8S8 119 8 256c0 123.78 90.69 226.38 209.25 245V327.69h-63V256h63v-54.64c0-62.15 37-96.48 93.67-96.48 27.14 0 55.52 4.84 55.52 4.84v61h-31.28c-30.8 0-40.41 19.12-40.41 38.73V256h68.78l-11 71.69h-57.78V501C413.31 482.38 504 379.78 504 256z\"><\/path><\/svg>\t\t\t\t\t<\/a>\n\t\t\t\t<\/span>\n\t\t\t\t\t<\/div>\n\t\t\t\t\t\t<\/div>\n\t\t\t\t\t<\/div>\n\t\t<\/div>\n\t\t\t\t\t<\/div>\n\t\t<\/section>\n\t\t\t\t<\/div>\n\t\t","protected":false},"excerpt":{"rendered":"<p>Od pierwszego \u015blizgu po mistrzostwo \u2013 z nami to mo\u017cliwe! Ucz si\u0119 od najlepszych! Witaj w Centrum Szkolenia Snowboardowego \u2013 miejscu, gdzie technika spotyka do\u015bwiadczenie, a pasja przekracza granice. Od 1996 roku szkolimy na wszystkich poziomach zaawansowania, oferuj\u0105c najwy\u017cszy standard nauczania. Nasza kadra to elita instruktor\u00f3w, kt\u00f3rzy zdobywali wiedz\u0119 na stokach ca\u0142ego \u015bwiata i tworzyli&hellip;&nbsp;<a href=\"https:\/\/nasnowboard.pl\/\" rel=\"bookmark\"><span class=\"screen-reader-text\">NaSnowboard<\/span><\/a><\/p>\n","protected":false},"author":2,"featured_media":0,"parent":0,"menu_order":0,"comment_status":"closed","ping_status":"closed","template":"elementor_header_footer","meta":{"neve_meta_sidebar":"","neve_meta_container":"","neve_meta_enable_content_width":"","neve_meta_content_width":0,"neve_meta_title_alignment":"","neve_meta_author_avatar":"","neve_post_elements_order":"","neve_meta_disable_header":"","neve_meta_disable_footer":"","neve_meta_disable_title":"","footnotes":""},"class_list":["post-4726","page","type-page","status-publish","hentry"],"yoast_head":"<!-- This site is optimized with the Yoast SEO plugin v26.3 - https:\/\/yoast.com\/wordpress\/plugins\/seo\/ -->\n<title>NaSnowboard - NaSnowboard.pl<\/title>\n<meta name=\"description\" content=\"Skorzystaj z osi\u0105gni\u0119\u0107 agrotechniki i hodowli ro\u015blin, wybierz sprawdzone odmiany kukurydzy, dowiedz si\u0119 co wp\u0142ywa na dob\u00f3r nasion.\" \/>\n<meta name=\"robots\" content=\"index, follow, max-snippet:-1, max-image-preview:large, max-video-preview:-1\" \/>\n<link rel=\"canonical\" href=\"https:\/\/nasnowboard.pl\/\" \/>\n<meta property=\"og:locale\" content=\"pl_PL\" \/>\n<meta property=\"og:type\" content=\"article\" \/>\n<meta property=\"og:title\" content=\"NaSnowboard.pl\" \/>\n<meta property=\"og:description\" content=\"Skorzystaj z osi\u0105gni\u0119\u0107 agrotechniki i hodowli ro\u015blin, wybierz sprawdzone odmiany kukurydzy, dowiedz si\u0119 co wp\u0142ywa na dob\u00f3r nasion.\" \/>\n<meta property=\"og:url\" content=\"https:\/\/nasnowboard.pl\/\" \/>\n<meta property=\"og:site_name\" content=\"NaSnowboard.pl\" \/>\n<meta property=\"article:publisher\" content=\"https:\/\/www.facebook.com\/signxsnow\/\" \/>\n<meta property=\"article:modified_time\" content=\"2025-11-03T17:06:40+00:00\" \/>\n<meta name=\"twitter:card\" content=\"summary_large_image\" \/>\n<meta name=\"twitter:title\" content=\"NaSnowboard.pl\" \/>\n<meta name=\"twitter:description\" content=\"Skorzystaj z osi\u0105gni\u0119\u0107 agrotechniki i hodowli ro\u015blin, wybierz sprawdzone odmiany kukurydzy, dowiedz si\u0119 co wp\u0142ywa na dob\u00f3r nasion.\" \/>\n<meta name=\"twitter:label1\" content=\"Szacowany czas czytania\" \/>\n\t<meta name=\"twitter:data1\" content=\"7 minut\" \/>\n<script type=\"application\/ld+json\" class=\"yoast-schema-graph\">{\"@context\":\"https:\/\/schema.org\",\"@graph\":[{\"@type\":\"WebPage\",\"@id\":\"https:\/\/nasnowboard.pl\/\",\"url\":\"https:\/\/nasnowboard.pl\/\",\"name\":\"NaSnowboard - NaSnowboard.pl\",\"isPartOf\":{\"@id\":\"https:\/\/nasnowboard.pl\/#website\"},\"primaryImageOfPage\":{\"@id\":\"https:\/\/nasnowboard.pl\/#primaryimage\"},\"image\":{\"@id\":\"https:\/\/nasnowboard.pl\/#primaryimage\"},\"thumbnailUrl\":\"https:\/\/nasnowboard.pl\/wp-content\/uploads\/2025\/10\/Baner-500x300-_02.jpg\",\"datePublished\":\"2025-10-24T11:56:29+00:00\",\"dateModified\":\"2025-11-03T17:06:40+00:00\",\"description\":\"Skorzystaj z osi\u0105gni\u0119\u0107 agrotechniki i hodowli ro\u015blin, wybierz sprawdzone odmiany kukurydzy, dowiedz si\u0119 co wp\u0142ywa na dob\u00f3r nasion.\",\"breadcrumb\":{\"@id\":\"https:\/\/nasnowboard.pl\/#breadcrumb\"},\"inLanguage\":\"pl-PL\",\"potentialAction\":[{\"@type\":\"ReadAction\",\"target\":[\"https:\/\/nasnowboard.pl\/\"]}]},{\"@type\":\"ImageObject\",\"inLanguage\":\"pl-PL\",\"@id\":\"https:\/\/nasnowboard.pl\/#primaryimage\",\"url\":\"https:\/\/nasnowboard.pl\/wp-content\/uploads\/2025\/10\/Baner-500x300-_02.jpg\",\"contentUrl\":\"https:\/\/nasnowboard.pl\/wp-content\/uploads\/2025\/10\/Baner-500x300-_02.jpg\",\"width\":500,\"height\":300},{\"@type\":\"BreadcrumbList\",\"@id\":\"https:\/\/nasnowboard.pl\/#breadcrumb\",\"itemListElement\":[{\"@type\":\"ListItem\",\"position\":1,\"name\":\"Strona g\u0142\u00f3wna\",\"item\":\"https:\/\/nasnowboard.pl\/\"},{\"@type\":\"ListItem\",\"position\":2,\"name\":\"NaSnowboard\"}]},{\"@type\":\"WebSite\",\"@id\":\"https:\/\/nasnowboard.pl\/#website\",\"url\":\"https:\/\/nasnowboard.pl\/\",\"name\":\"NaSnowboard.pl\",\"description\":\"Od pierwszego \u015blizgu po mistrzostwo \u2013 z nami to mo\u017cliwe! Ucz si\u0119 od najlepszych!\",\"publisher\":{\"@id\":\"https:\/\/nasnowboard.pl\/#organization\"},\"potentialAction\":[{\"@type\":\"SearchAction\",\"target\":{\"@type\":\"EntryPoint\",\"urlTemplate\":\"https:\/\/nasnowboard.pl\/?s={search_term_string}\"},\"query-input\":{\"@type\":\"PropertyValueSpecification\",\"valueRequired\":true,\"valueName\":\"search_term_string\"}}],\"inLanguage\":\"pl-PL\"},{\"@type\":\"Organization\",\"@id\":\"https:\/\/nasnowboard.pl\/#organization\",\"name\":\"NaSnowboard.pl\",\"url\":\"https:\/\/nasnowboard.pl\/\",\"logo\":{\"@type\":\"ImageObject\",\"inLanguage\":\"pl-PL\",\"@id\":\"https:\/\/nasnowboard.pl\/#\/schema\/logo\/image\/\",\"url\":\"https:\/\/nasnowboard.pl\/wp-content\/uploads\/2025\/10\/cropped-logo_nasnowboardPL-copy.jpg\",\"contentUrl\":\"https:\/\/nasnowboard.pl\/wp-content\/uploads\/2025\/10\/cropped-logo_nasnowboardPL-copy.jpg\",\"width\":200,\"height\":43,\"caption\":\"NaSnowboard.pl\"},\"image\":{\"@id\":\"https:\/\/nasnowboard.pl\/#\/schema\/logo\/image\/\"},\"sameAs\":[\"https:\/\/www.facebook.com\/signxsnow\/\"]}]}<\/script>\n<!-- \/ Yoast SEO plugin. -->","yoast_head_json":{"title":"NaSnowboard - NaSnowboard.pl","description":"Skorzystaj z osi\u0105gni\u0119\u0107 agrotechniki i hodowli ro\u015blin, wybierz sprawdzone odmiany kukurydzy, dowiedz si\u0119 co wp\u0142ywa na dob\u00f3r nasion.","robots":{"index":"index","follow":"follow","max-snippet":"max-snippet:-1","max-image-preview":"max-image-preview:large","max-video-preview":"max-video-preview:-1"},"canonical":"https:\/\/nasnowboard.pl\/","og_locale":"pl_PL","og_type":"article","og_title":"NaSnowboard.pl","og_description":"Skorzystaj z osi\u0105gni\u0119\u0107 agrotechniki i hodowli ro\u015blin, wybierz sprawdzone odmiany kukurydzy, dowiedz si\u0119 co wp\u0142ywa na dob\u00f3r nasion.","og_url":"https:\/\/nasnowboard.pl\/","og_site_name":"NaSnowboard.pl","article_publisher":"https:\/\/www.facebook.com\/signxsnow\/","article_modified_time":"2025-11-03T17:06:40+00:00","twitter_card":"summary_large_image","twitter_title":"NaSnowboard.pl","twitter_description":"Skorzystaj z osi\u0105gni\u0119\u0107 agrotechniki i hodowli ro\u015blin, wybierz sprawdzone odmiany kukurydzy, dowiedz si\u0119 co wp\u0142ywa na dob\u00f3r nasion.","twitter_misc":{"Szacowany czas czytania":"7 minut"},"schema":{"@context":"https:\/\/schema.org","@graph":[{"@type":"WebPage","@id":"https:\/\/nasnowboard.pl\/","url":"https:\/\/nasnowboard.pl\/","name":"NaSnowboard - NaSnowboard.pl","isPartOf":{"@id":"https:\/\/nasnowboard.pl\/#website"},"primaryImageOfPage":{"@id":"https:\/\/nasnowboard.pl\/#primaryimage"},"image":{"@id":"https:\/\/nasnowboard.pl\/#primaryimage"},"thumbnailUrl":"https:\/\/nasnowboard.pl\/wp-content\/uploads\/2025\/10\/Baner-500x300-_02.jpg","datePublished":"2025-10-24T11:56:29+00:00","dateModified":"2025-11-03T17:06:40+00:00","description":"Skorzystaj z osi\u0105gni\u0119\u0107 agrotechniki i hodowli ro\u015blin, wybierz sprawdzone odmiany kukurydzy, dowiedz si\u0119 co wp\u0142ywa na dob\u00f3r nasion.","breadcrumb":{"@id":"https:\/\/nasnowboard.pl\/#breadcrumb"},"inLanguage":"pl-PL","potentialAction":[{"@type":"ReadAction","target":["https:\/\/nasnowboard.pl\/"]}]},{"@type":"ImageObject","inLanguage":"pl-PL","@id":"https:\/\/nasnowboard.pl\/#primaryimage","url":"https:\/\/nasnowboard.pl\/wp-content\/uploads\/2025\/10\/Baner-500x300-_02.jpg","contentUrl":"https:\/\/nasnowboard.pl\/wp-content\/uploads\/2025\/10\/Baner-500x300-_02.jpg","width":500,"height":300},{"@type":"BreadcrumbList","@id":"https:\/\/nasnowboard.pl\/#breadcrumb","itemListElement":[{"@type":"ListItem","position":1,"name":"Strona g\u0142\u00f3wna","item":"https:\/\/nasnowboard.pl\/"},{"@type":"ListItem","position":2,"name":"NaSnowboard"}]},{"@type":"WebSite","@id":"https:\/\/nasnowboard.pl\/#website","url":"https:\/\/nasnowboard.pl\/","name":"NaSnowboard.pl","description":"Od pierwszego \u015blizgu po mistrzostwo \u2013 z nami to mo\u017cliwe! Ucz si\u0119 od najlepszych!","publisher":{"@id":"https:\/\/nasnowboard.pl\/#organization"},"potentialAction":[{"@type":"SearchAction","target":{"@type":"EntryPoint","urlTemplate":"https:\/\/nasnowboard.pl\/?s={search_term_string}"},"query-input":{"@type":"PropertyValueSpecification","valueRequired":true,"valueName":"search_term_string"}}],"inLanguage":"pl-PL"},{"@type":"Organization","@id":"https:\/\/nasnowboard.pl\/#organization","name":"NaSnowboard.pl","url":"https:\/\/nasnowboard.pl\/","logo":{"@type":"ImageObject","inLanguage":"pl-PL","@id":"https:\/\/nasnowboard.pl\/#\/schema\/logo\/image\/","url":"https:\/\/nasnowboard.pl\/wp-content\/uploads\/2025\/10\/cropped-logo_nasnowboardPL-copy.jpg","contentUrl":"https:\/\/nasnowboard.pl\/wp-content\/uploads\/2025\/10\/cropped-logo_nasnowboardPL-copy.jpg","width":200,"height":43,"caption":"NaSnowboard.pl"},"image":{"@id":"https:\/\/nasnowboard.pl\/#\/schema\/logo\/image\/"},"sameAs":["https:\/\/www.facebook.com\/signxsnow\/"]}]}},"_links":{"self":[{"href":"https:\/\/nasnowboard.pl\/index.php?rest_route=\/wp\/v2\/pages\/4726","targetHints":{"allow":["GET"]}}],"collection":[{"href":"https:\/\/nasnowboard.pl\/index.php?rest_route=\/wp\/v2\/pages"}],"about":[{"href":"https:\/\/nasnowboard.pl\/index.php?rest_route=\/wp\/v2\/types\/page"}],"author":[{"embeddable":true,"href":"https:\/\/nasnowboard.pl\/index.php?rest_route=\/wp\/v2\/users\/2"}],"replies":[{"embeddable":true,"href":"https:\/\/nasnowboard.pl\/index.php?rest_route=%2Fwp%2Fv2%2Fcomments&post=4726"}],"version-history":[{"count":193,"href":"https:\/\/nasnowboard.pl\/index.php?rest_route=\/wp\/v2\/pages\/4726\/revisions"}],"predecessor-version":[{"id":4962,"href":"https:\/\/nasnowboard.pl\/index.php?rest_route=\/wp\/v2\/pages\/4726\/revisions\/4962"}],"wp:attachment":[{"href":"https:\/\/nasnowboard.pl\/index.php?rest_route=%2Fwp%2Fv2%2Fmedia&parent=4726"}],"curies":[{"name":"wp","href":"https:\/\/api.w.org\/{rel}","templated":true}]}}